{"id":1976,"date":"2019-04-08T17:20:57","date_gmt":"2019-04-08T15:20:57","guid":{"rendered":"https:\/\/bautismus.de\/?page_id=1976"},"modified":"2025-02-04T17:44:35","modified_gmt":"2025-02-04T16:44:35","slug":"faq","status":"publish","type":"page","link":"https:\/\/bautismus.de\/index.php\/faq\/","title":{"rendered":"FAQ"},"content":{"rendered":"\t\t<div data-elementor-type=\"wp-post\" data-elementor-id=\"1976\" class=\"elementor elementor-1976\" data-elementor-post-type=\"page\">\n\t\t\t\t\t\t<section class=\"elementor-section elementor-top-section elementor-element elementor-element-7c2abead elementor-section-content-middle elementor-section-boxed elementor-section-height-default elementor-section-height-default\" data-id=\"7c2abead\" data-element_type=\"section\" data-e-type=\"section\">\n\t\t\t\t\t\t<div class=\"elementor-container elementor-column-gap-no\">\n\t\t\t\t\t<div class=\"elementor-column elementor-col-100 elementor-top-column elementor-element elementor-element-78d6a329\" data-id=\"78d6a329\" data-element_type=\"column\" data-e-type=\"column\">\n\t\t\t<div class=\"elementor-widget-wrap elementor-element-populated\">\n\t\t\t\t\t\t<div class=\"elementor-element elementor-element-5690e046 elementor-widget elementor-widget-heading\" data-id=\"5690e046\" data-element_type=\"widget\" data-e-type=\"widget\" data-widget_type=\"heading.default\">\n\t\t\t\t<div class=\"elementor-widget-container\">\n\t\t\t\t\t<h4 class=\"elementor-heading-title elementor-size-default\">FAQ<\/h4>\t\t\t\t<\/div>\n\t\t\t\t<\/div>\n\t\t\t\t<div class=\"elementor-element elementor-element-6a5de55 elementor-widget elementor-widget-heading\" data-id=\"6a5de55\" data-element_type=\"widget\" data-e-type=\"widget\" data-widget_type=\"heading.default\">\n\t\t\t\t<div class=\"elementor-widget-container\">\n\t\t\t\t\t<h1 class=\"elementor-heading-title elementor-size-default\">Oft gestellte Fragen<\/h1>\t\t\t\t<\/div>\n\t\t\t\t<\/div>\n\t\t\t\t<div class=\"elementor-element elementor-element-3c0ee1d1 elementor-widget elementor-widget-toggle\" data-id=\"3c0ee1d1\" data-element_type=\"widget\" data-e-type=\"widget\" data-widget_type=\"toggle.default\">\n\t\t\t\t<div class=\"elementor-widget-container\">\n\t\t\t\t\t\t\t<div class=\"elementor-toggle\">\n\t\t\t\t\t\t\t<div class=\"elementor-toggle-item\">\n\t\t\t\t\t<h2 id=\"elementor-tab-title-1001\" class=\"elementor-tab-title\" data-tab=\"1\" role=\"button\" aria-controls=\"elementor-tab-content-1001\" aria-expanded=\"false\">\n\t\t\t\t\t\t\t\t\t\t\t\t<span class=\"elementor-toggle-icon elementor-toggle-icon-right\" aria-hidden=\"true\">\n\t\t\t\t\t\t\t\t\t\t\t\t\t\t\t<i class=\"elementor-toggle-icon-closed fa fa-caret-right\"><\/i>\n\t\t\t\t\t\t\t\t<i class=\"elementor-toggle-icon-opened fa fa-caret-up\"><\/i>\n\t\t\t\t\t\t\t\t\t\t\t\t\t<\/span>\n\t\t\t\t\t\t\t\t\t\t\t\t<a class=\"elementor-toggle-title\" tabindex=\"0\">Wie intensiv sollte eine Therapie f\u00fcr Kinder mit ASS sein?<\/a>\n\t\t\t\t\t<\/h2>\n\n\t\t\t\t\t<div id=\"elementor-tab-content-1001\" class=\"elementor-tab-content elementor-clearfix\" data-tab=\"1\" role=\"region\" aria-labelledby=\"elementor-tab-title-1001\"><p>Die Empfehlung ist, dass Kinder mit Autismus mindestens 25 Stunden pro Woche Therapie erhalten sollten; f\u00e4llt die Anzahl der Stunden unter 15 Stunden pro Woche steht das erzielte Ergebnis in keinem Verh\u00e4ltnis zu dem Einsatz, den ein solches Programm erfordert. <br \/>Wenn man mit dem Standardangebot hier in der Gegend f\u00fcr Kinder im Vorschulalter zufrieden ist, bekommt man 3 bis 4 Stunden verschiedene Therapieangebote in der Woche. Dazu geh\u00f6ren in der Regel Logop\u00e4die, Ergotherapie und das Angebot eines Autismuszentrums. Gemeinsam ist diesen Angeboten, dass sie nicht im Umfeld des Kindes stattfinden und von verschiedenen Therapeuten geleistet werden.<br \/>Dieser Standard ist deutlich niedriger als in vielen anderen europ\u00e4ischen L\u00e4ndern und den USA.<\/p><\/div>\n\t\t\t\t<\/div>\n\t\t\t\t\t\t\t<div class=\"elementor-toggle-item\">\n\t\t\t\t\t<h2 id=\"elementor-tab-title-1002\" class=\"elementor-tab-title\" data-tab=\"2\" role=\"button\" aria-controls=\"elementor-tab-content-1002\" aria-expanded=\"false\">\n\t\t\t\t\t\t\t\t\t\t\t\t<span class=\"elementor-toggle-icon elementor-toggle-icon-right\" aria-hidden=\"true\">\n\t\t\t\t\t\t\t\t\t\t\t\t\t\t\t<i class=\"elementor-toggle-icon-closed fa fa-caret-right\"><\/i>\n\t\t\t\t\t\t\t\t<i class=\"elementor-toggle-icon-opened fa fa-caret-up\"><\/i>\n\t\t\t\t\t\t\t\t\t\t\t\t\t<\/span>\n\t\t\t\t\t\t\t\t\t\t\t\t<a class=\"elementor-toggle-title\" tabindex=\"0\">F\u00fcr welche Kinder ist ABA geeignet?<\/a>\n\t\t\t\t\t<\/h2>\n\n\t\t\t\t\t<div id=\"elementor-tab-content-1002\" class=\"elementor-tab-content elementor-clearfix\" data-tab=\"2\" role=\"region\" aria-labelledby=\"elementor-tab-title-1002\"><p>Grunds\u00e4tzlich ist ABA f\u00fcr alle Kinder mit Autismus geeignet. <br \/>Dabei sind die Gestaltung des Programms und die Schwerpunkte der Lerneinheiten bei einem Kind mit Asperger Syndrom ganz anders als bei einem Kind ohne funktionelle Sprache.<br \/>Auch Kinder mit anderen Entwicklungsst\u00f6rungen und Lernschwierigkeiten werden von diesem Programm profitieren.<\/p><\/div>\n\t\t\t\t<\/div>\n\t\t\t\t\t\t\t<div class=\"elementor-toggle-item\">\n\t\t\t\t\t<h2 id=\"elementor-tab-title-1003\" class=\"elementor-tab-title\" data-tab=\"3\" role=\"button\" aria-controls=\"elementor-tab-content-1003\" aria-expanded=\"false\">\n\t\t\t\t\t\t\t\t\t\t\t\t<span class=\"elementor-toggle-icon elementor-toggle-icon-right\" aria-hidden=\"true\">\n\t\t\t\t\t\t\t\t\t\t\t\t\t\t\t<i class=\"elementor-toggle-icon-closed fa fa-caret-right\"><\/i>\n\t\t\t\t\t\t\t\t<i class=\"elementor-toggle-icon-opened fa fa-caret-up\"><\/i>\n\t\t\t\t\t\t\t\t\t\t\t\t\t<\/span>\n\t\t\t\t\t\t\t\t\t\t\t\t<a class=\"elementor-toggle-title\" tabindex=\"0\">Wo finden die Therapie und die Supervisionen statt?<\/a>\n\t\t\t\t\t<\/h2>\n\n\t\t\t\t\t<div id=\"elementor-tab-content-1003\" class=\"elementor-tab-content elementor-clearfix\" data-tab=\"3\" role=\"region\" aria-labelledby=\"elementor-tab-title-1003\"><p>Wir arbeiten im allt\u00e4glichen Umfeld des Kindes. Das bedeutet, dass sowohl die Therapie, als auch die Supervisionen entweder bei Ihnen zu Hause oder im Kindergarten\/der Schule Ihres Kindes sattfinden.<br \/>Ben\u00f6tigt werden sowohl zu Hause, als auch im Kindergarten\/der Schule ein geeigneter, separater Raum, in dem die t\u00e4glichen Lehreinheiten stattfinden k\u00f6nnen; das kann zu Hause auch das Zimmer des Kindes sein.<\/p><\/div>\n\t\t\t\t<\/div>\n\t\t\t\t\t\t\t<div class=\"elementor-toggle-item\">\n\t\t\t\t\t<h2 id=\"elementor-tab-title-1004\" class=\"elementor-tab-title\" data-tab=\"4\" role=\"button\" aria-controls=\"elementor-tab-content-1004\" aria-expanded=\"false\">\n\t\t\t\t\t\t\t\t\t\t\t\t<span class=\"elementor-toggle-icon elementor-toggle-icon-right\" aria-hidden=\"true\">\n\t\t\t\t\t\t\t\t\t\t\t\t\t\t\t<i class=\"elementor-toggle-icon-closed fa fa-caret-right\"><\/i>\n\t\t\t\t\t\t\t\t<i class=\"elementor-toggle-icon-opened fa fa-caret-up\"><\/i>\n\t\t\t\t\t\t\t\t\t\t\t\t\t<\/span>\n\t\t\t\t\t\t\t\t\t\t\t\t<a class=\"elementor-toggle-title\" tabindex=\"0\">Wie lange l\u00e4uft ein ABA Programm?<\/a>\n\t\t\t\t\t<\/h2>\n\n\t\t\t\t\t<div id=\"elementor-tab-content-1004\" class=\"elementor-tab-content elementor-clearfix\" data-tab=\"4\" role=\"region\" aria-labelledby=\"elementor-tab-title-1004\"><p>Ein ABA Programm l\u00e4uft in der Regel 2-3 Jahre. Wir sehen es als optimal an, wenn wir das Kind nach dem Kindergarten noch in der Anfangszeit in der Schule begleiten k\u00f6nnen.<br \/>Bei Kindern, die langsam lernen, kann es auch sinnvoll sein, dass ein Programm l\u00e4nger l\u00e4uft, dann aber ab einem gewissen Zeitpunkt in einem reduzierten Umfang.<\/p><\/div>\n\t\t\t\t<\/div>\n\t\t\t\t\t\t\t<div class=\"elementor-toggle-item\">\n\t\t\t\t\t<h2 id=\"elementor-tab-title-1005\" class=\"elementor-tab-title\" data-tab=\"5\" role=\"button\" aria-controls=\"elementor-tab-content-1005\" aria-expanded=\"false\">\n\t\t\t\t\t\t\t\t\t\t\t\t<span class=\"elementor-toggle-icon elementor-toggle-icon-right\" aria-hidden=\"true\">\n\t\t\t\t\t\t\t\t\t\t\t\t\t\t\t<i class=\"elementor-toggle-icon-closed fa fa-caret-right\"><\/i>\n\t\t\t\t\t\t\t\t<i class=\"elementor-toggle-icon-opened fa fa-caret-up\"><\/i>\n\t\t\t\t\t\t\t\t\t\t\t\t\t<\/span>\n\t\t\t\t\t\t\t\t\t\t\t\t<a class=\"elementor-toggle-title\" tabindex=\"0\">Wer kann mit dem Kind arbeiten?<\/a>\n\t\t\t\t\t<\/h2>\n\n\t\t\t\t\t<div id=\"elementor-tab-content-1005\" class=\"elementor-tab-content elementor-clearfix\" data-tab=\"5\" role=\"region\" aria-labelledby=\"elementor-tab-title-1005\"><p>Im Kindergarten f\u00fchrt haupts\u00e4chlich die Integrationskraft mehrere Stunden am Tag das Programm durch. Zu Hause arbeiten die Eltern mit ihrem Kind. Stundenweise k\u00f6nnen auch andere das tun. Daf\u00fcr schauen die Eltern sich in ihrem Umfeld nach geeigneten Personen um. <\/p><p>F\u00fcr diese Arbeit geeignet sind Personen, die <br \/>\u2022 Interesse an p\u00e4dagogischer Arbeit haben<br \/>\u2022 bereit sind, nach Vorgaben selbst\u00e4ndig mit einem Kind zu arbeiten<br \/>\u2022 klar strukturiert, konsequent, aber auch spielerisch sind<br \/>\u2022 sich viele Einzelheiten gut merken und umsetzen k\u00f6nnen<br \/>Eine Ausbildung im p\u00e4dagogischen Bereich ist nicht erforderlich.<\/p><\/div>\n\t\t\t\t<\/div>\n\t\t\t\t\t\t\t<div class=\"elementor-toggle-item\">\n\t\t\t\t\t<h2 id=\"elementor-tab-title-1006\" class=\"elementor-tab-title\" data-tab=\"6\" role=\"button\" aria-controls=\"elementor-tab-content-1006\" aria-expanded=\"false\">\n\t\t\t\t\t\t\t\t\t\t\t\t<span class=\"elementor-toggle-icon elementor-toggle-icon-right\" aria-hidden=\"true\">\n\t\t\t\t\t\t\t\t\t\t\t\t\t\t\t<i class=\"elementor-toggle-icon-closed fa fa-caret-right\"><\/i>\n\t\t\t\t\t\t\t\t<i class=\"elementor-toggle-icon-opened fa fa-caret-up\"><\/i>\n\t\t\t\t\t\t\t\t\t\t\t\t\t<\/span>\n\t\t\t\t\t\t\t\t\t\t\t\t<a class=\"elementor-toggle-title\" tabindex=\"0\">Wie wird ein ABA Programm finanziert?<\/a>\n\t\t\t\t\t<\/h2>\n\n\t\t\t\t\t<div id=\"elementor-tab-content-1006\" class=\"elementor-tab-content elementor-clearfix\" data-tab=\"6\" role=\"region\" aria-labelledby=\"elementor-tab-title-1006\"><p>Bautismus bietet das ABA Programm kreis\u00fcbergreifend an. F\u00fcr diese Art der Therapie gibt es keine kreis\u00fcbergreifende Rahmenvereinbarung.<\/p>\n<p>Daher ist die Ma\u00dfnahme \u00fcber den f\u00fcr den Wohnort des Kindes zust\u00e4ndigen \u00f6ffentlichen Tr\u00e4ger als Einzelfallhilfe zu beantragen. In der Regel ist das Sozial- oder das Jugendamt als Kostentr\u00e4ger zust\u00e4ndig. &nbsp;Voraussetzung f\u00fcr eine Beantragung ist eine Autismusdiagnose.<\/p>\n<p>Es empfiehlt sich, mit dem Jugendamt und\/oder Sozialamt Kontakt aufzunehmen und nach den Antragserfordernissen der zust\u00e4ndigen Beh\u00f6rde zu fragen.<\/p>\n<p>Eine Vereinbarung mit den Krankenkassen gibt es nicht.<\/p><\/div>\n\t\t\t\t<\/div>\n\t\t\t\t\t\t\t<div class=\"elementor-toggle-item\">\n\t\t\t\t\t<h2 id=\"elementor-tab-title-1007\" class=\"elementor-tab-title\" data-tab=\"7\" role=\"button\" aria-controls=\"elementor-tab-content-1007\" aria-expanded=\"false\">\n\t\t\t\t\t\t\t\t\t\t\t\t<span class=\"elementor-toggle-icon elementor-toggle-icon-right\" aria-hidden=\"true\">\n\t\t\t\t\t\t\t\t\t\t\t\t\t\t\t<i class=\"elementor-toggle-icon-closed fa fa-caret-right\"><\/i>\n\t\t\t\t\t\t\t\t<i class=\"elementor-toggle-icon-opened fa fa-caret-up\"><\/i>\n\t\t\t\t\t\t\t\t\t\t\t\t\t<\/span>\n\t\t\t\t\t\t\t\t\t\t\t\t<a class=\"elementor-toggle-title\" tabindex=\"0\">Ist ABA kindgerecht?<\/a>\n\t\t\t\t\t<\/h2>\n\n\t\t\t\t\t<div id=\"elementor-tab-content-1007\" class=\"elementor-tab-content elementor-clearfix\" data-tab=\"7\" role=\"region\" aria-labelledby=\"elementor-tab-title-1007\"><p>ABA als Therapie f\u00fcr Kinder mit Autismus entstand in den sp\u00e4ten 60er Jahren in den USA. Die generelle Einstellung zu Kindern und die Wissensgrundlagen waren damals weit entfernt von der heutigen Sichtweise. Auch wurden damals Mittel, um unerw\u00fcnschtes Verhalten zu reduzieren, benutzt, die aus heutiger Sicht alles andere als akzeptabel sind. Zu ABA wurde seit damals viel geforscht und es hat sich \u00fcber Jahrzehnte deutlich weiterentwickelt. Das, was man damals machte, hat mit der heutigen Praxis nur noch wenig zu tun.<\/p><p>Oft wird die fehlende Selbstbestimmung als problematisch dargestellt. Wir haben daf\u00fcr wenig Verst\u00e4ndnis. Wenn kleine Kinder einen Therapie- oder Behandlungsbedarf haben, sei es wegen Krankheit, K\u00f6rperbehinderung oder in diesem Fall einer neurologischen Entwicklungsst\u00f6rung, sollte das Kind eine wahrscheinlich wirksame Therapie bekommen. Auch wenn sie anstrengend ist und viel fordert, sollte das Kind sie erhalten, wenn sie in einem Verh\u00e4ltnis zu den Problemen und den erzielten Ergebnissen steht.<\/p><\/div>\n\t\t\t\t<\/div>\n\t\t\t\t\t\t\t\t<\/div>\n\t\t\t\t\t\t<\/div>\n\t\t\t\t<\/div>\n\t\t\t\t\t<\/div>\n\t\t<\/div>\n\t\t\t\t\t<\/div>\n\t\t<\/section>\n\t\t\t\t<\/div>\n\t\t","protected":false},"excerpt":{"rendered":"<p>FAQ Oft gestellte Fragen Wie intensiv sollte eine Therapie f\u00fcr Kinder mit ASS sein? Die Empfehlung ist, dass Kinder mit Autismus mindestens 25 Stunden pro Woche Therapie erhalten sollten; f\u00e4llt die Anzahl der Stunden unter 15 Stunden pro Woche steht das erzielte Ergebnis in keinem Verh\u00e4ltnis zu dem Einsatz, den ein solches Programm erfordert. Wenn man mit dem Standardangebot hier in der Gegend f\u00fcr Kinder&#8230; <\/p>\n<p class=\"more\"><a class=\"more-link\" href=\"https:\/\/bautismus.de\/index.php\/faq\/\">Read More<\/a><\/p>\n","protected":false},"author":1,"featured_media":0,"parent":0,"menu_order":0,"comment_status":"closed","ping_status":"closed","template":"","meta":{"footnotes":""},"class_list":["post-1976","page","type-page","status-publish","hentry","is-cat-link-line-before"],"_links":{"self":[{"href":"https:\/\/bautismus.de\/index.php\/wp-json\/wp\/v2\/pages\/1976","targetHints":{"allow":["GET"]}}],"collection":[{"href":"https:\/\/bautismus.de\/index.php\/wp-json\/wp\/v2\/pages"}],"about":[{"href":"https:\/\/bautismus.de\/index.php\/wp-json\/wp\/v2\/types\/page"}],"author":[{"embeddable":true,"href":"https:\/\/bautismus.de\/index.php\/wp-json\/wp\/v2\/users\/1"}],"replies":[{"embeddable":true,"href":"https:\/\/bautismus.de\/index.php\/wp-json\/wp\/v2\/comments?post=1976"}],"version-history":[{"count":34,"href":"https:\/\/bautismus.de\/index.php\/wp-json\/wp\/v2\/pages\/1976\/revisions"}],"predecessor-version":[{"id":3096,"href":"https:\/\/bautismus.de\/index.php\/wp-json\/wp\/v2\/pages\/1976\/revisions\/3096"}],"wp:attachment":[{"href":"https:\/\/bautismus.de\/index.php\/wp-json\/wp\/v2\/media?parent=1976"}],"curies":[{"name":"wp","href":"https:\/\/api.w.org\/{rel}","templated":true}]}}