{"id":1031,"date":"2018-09-08T16:44:12","date_gmt":"2018-09-08T16:44:12","guid":{"rendered":"http:\/\/themes.pixelwars.org\/efor\/demo-01\/?page_id=1031"},"modified":"2025-08-05T12:01:11","modified_gmt":"2025-08-05T10:01:11","slug":"ueber-uns","status":"publish","type":"page","link":"https:\/\/bautismus.de\/index.php\/ueber-uns\/","title":{"rendered":"Ueber uns"},"content":{"rendered":"\t\t<div data-elementor-type=\"wp-post\" data-elementor-id=\"1031\" class=\"elementor elementor-1031\" data-elementor-post-type=\"page\">\n\t\t\t\t\t\t<section class=\"elementor-section elementor-top-section elementor-element elementor-element-d32ead5 elementor-section-boxed elementor-section-height-default elementor-section-height-default\" data-id=\"d32ead5\" data-element_type=\"section\" data-e-type=\"section\">\n\t\t\t\t\t\t<div class=\"elementor-container elementor-column-gap-default\">\n\t\t\t\t\t<div class=\"elementor-column elementor-col-100 elementor-top-column elementor-element elementor-element-654c5dd\" data-id=\"654c5dd\" data-element_type=\"column\" data-e-type=\"column\">\n\t\t\t<div class=\"elementor-widget-wrap elementor-element-populated\">\n\t\t\t\t\t\t<div class=\"elementor-element elementor-element-a55da11 elementor-widget elementor-widget-spacer\" data-id=\"a55da11\" data-element_type=\"widget\" data-e-type=\"widget\" data-widget_type=\"spacer.default\">\n\t\t\t\t<div class=\"elementor-widget-container\">\n\t\t\t\t\t\t\t<div class=\"elementor-spacer\">\n\t\t\t<div class=\"elementor-spacer-inner\"><\/div>\n\t\t<\/div>\n\t\t\t\t\t\t<\/div>\n\t\t\t\t<\/div>\n\t\t\t\t<div class=\"elementor-element elementor-element-07934b9 elementor-widget elementor-widget-heading\" data-id=\"07934b9\" data-element_type=\"widget\" data-e-type=\"widget\" data-widget_type=\"heading.default\">\n\t\t\t\t<div class=\"elementor-widget-container\">\n\t\t\t\t\t<h2 class=\"elementor-heading-title elementor-size-default\">\u00dcber Bautismus<\/h2>\t\t\t\t<\/div>\n\t\t\t\t<\/div>\n\t\t\t\t<div class=\"elementor-element elementor-element-b68afc6 elementor-widget elementor-widget-text-editor\" data-id=\"b68afc6\" data-element_type=\"widget\" data-e-type=\"widget\" data-widget_type=\"text-editor.default\">\n\t\t\t\t<div class=\"elementor-widget-container\">\n\t\t\t\t\t\t\t\t\t<p>Bautismus ist eine private Einrichtung, die im Sommer 2006 von mehreren erfahrenen Fachkr\u00e4ften auf diesem Gebiet gemeinsam gegr\u00fcndet wurde.<br \/>Wir sind angegliedert an die Villa Kunterbunt in Bruchsal-B\u00fcchenau, 20 km n\u00f6rdlich von Karlsruhe.<\/p><p><strong>Seit 2025 f\u00fchre ich Bautismus als Einzelunternehmen weiter.<\/strong><\/p>\t\t\t\t\t\t\t\t<\/div>\n\t\t\t\t<\/div>\n\t\t\t\t\t<\/div>\n\t\t<\/div>\n\t\t\t\t\t<\/div>\n\t\t<\/section>\n\t\t\t\t<section class=\"elementor-section elementor-top-section elementor-element elementor-element-d6c80d1 elementor-section-boxed elementor-section-height-default elementor-section-height-default\" data-id=\"d6c80d1\" data-element_type=\"section\" data-e-type=\"section\">\n\t\t\t\t\t\t<div class=\"elementor-container elementor-column-gap-no\">\n\t\t\t\t\t<div class=\"elementor-column elementor-col-50 elementor-top-column elementor-element elementor-element-ba8c578\" data-id=\"ba8c578\" data-element_type=\"column\" data-e-type=\"column\">\n\t\t\t<div class=\"elementor-widget-wrap elementor-element-populated\">\n\t\t\t\t\t\t<div class=\"elementor-element elementor-element-92e47af elementor-widget__width-initial elementor-widget elementor-widget-heading\" data-id=\"92e47af\" data-element_type=\"widget\" data-e-type=\"widget\" data-widget_type=\"heading.default\">\n\t\t\t\t<div class=\"elementor-widget-container\">\n\t\t\t\t\t<h2 class=\"elementor-heading-title elementor-size-default\">Caren Hege<\/h2>\t\t\t\t<\/div>\n\t\t\t\t<\/div>\n\t\t\t\t\t<\/div>\n\t\t<\/div>\n\t\t\t\t<div class=\"elementor-column elementor-col-50 elementor-top-column elementor-element elementor-element-c31cfcb elementor-invisible\" data-id=\"c31cfcb\" data-element_type=\"column\" data-e-type=\"column\" data-settings=\"{&quot;background_background&quot;:&quot;classic&quot;,&quot;animation&quot;:&quot;fadeInRight&quot;}\">\n\t\t\t<div class=\"elementor-widget-wrap elementor-element-populated\">\n\t\t\t\t\t\t<div class=\"elementor-element elementor-element-49f5e88 elementor-widget elementor-widget-image\" data-id=\"49f5e88\" data-element_type=\"widget\" data-e-type=\"widget\" data-widget_type=\"image.default\">\n\t\t\t\t<div class=\"elementor-widget-container\">\n\t\t\t\t\t\t\t\t\t\t\t\t\t\t\t<img decoding=\"async\" width=\"150\" height=\"137\" src=\"https:\/\/bautismus.de\/wp-content\/uploads\/2019\/04\/Karen-Hedge.jpg\" class=\"attachment-large size-large wp-image-1871\" alt=\"Caren Hege\" \/>\t\t\t\t\t\t\t\t\t\t\t\t\t\t\t<\/div>\n\t\t\t\t<\/div>\n\t\t\t\t\t<\/div>\n\t\t<\/div>\n\t\t\t\t\t<\/div>\n\t\t<\/section>\n\t\t\t\t<section class=\"elementor-section elementor-top-section elementor-element elementor-element-1fb474f elementor-section-boxed elementor-section-height-default elementor-section-height-default\" data-id=\"1fb474f\" data-element_type=\"section\" data-e-type=\"section\">\n\t\t\t\t\t\t<div class=\"elementor-container elementor-column-gap-no\">\n\t\t\t\t\t<div class=\"elementor-column elementor-col-100 elementor-top-column elementor-element elementor-element-5fe074e elementor-invisible\" data-id=\"5fe074e\" data-element_type=\"column\" data-e-type=\"column\" data-settings=\"{&quot;background_background&quot;:&quot;classic&quot;,&quot;animation&quot;:&quot;fadeInRight&quot;}\">\n\t\t\t<div class=\"elementor-widget-wrap elementor-element-populated\">\n\t\t\t\t\t\t<div class=\"elementor-element elementor-element-2365754 elementor-widget elementor-widget-text-editor\" data-id=\"2365754\" data-element_type=\"widget\" data-e-type=\"widget\" data-widget_type=\"text-editor.default\">\n\t\t\t\t<div class=\"elementor-widget-container\">\n\t\t\t\t\t\t\t\t\t<p>2000 beendete ich mein Studium zur staatlich anerkannten Diplom-Sozialp\u00e4dagogin (FH) an der damaligen Fachhochschule f\u00fcr Sozialwesen in Mannheim.<\/p><p>Von 2000 bis 2003 arbeitete ich mit einem Jungen mit einer ASS unter der Anleitung von Sigmund Eldevik.<\/p><p>2006 Gr\u00fcndung der Bautismus GbR \u2013 ABA f\u00fcr besondere Kinder zusammen mit Alfred Steinvik und Hermann Hasenfu\u00df. In enger Zusammenarbeit mit dem in ABA erfahrenen Kollegen arbeitete ich bis 2024 mit zahlreichen Kindern mit einer ASS im Land- und Stadtkreis Karlsruhe, der Rhein-Neckar-Region und der Pfalz.<\/p><p>Von Herbst 2015 bis Fr\u00fchjahr 2017 absolvierte ich im Fernstudium verschiedene verhaltenstherapeutische Kurse der Universit\u00e4t von Nord Texas im Department of Behavior Analysis.<\/p><p>Daneben arbeite ich auch f\u00fcr die VillaWir GmbH in B\u00fcchenau in einer intensivp\u00e4dagogischen Gruppe f\u00fcr Kinder im Kindergartenalter mit Entwicklungsverz\u00f6gerungen und\/oder Verhaltensauff\u00e4lligkeiten. F\u00fcr diese Kinder bin ich unter anderem f\u00fcr die Erarbeitung und kontinuierliche Weiterentwicklung eines individuellen Lernprogramms verantwortlich. F\u00fcr die dortigen Fachkr\u00e4fte bin ich auch als Supervisorin t\u00e4tig.<\/p><p>\u00a0<\/p>\t\t\t\t\t\t\t\t<\/div>\n\t\t\t\t<\/div>\n\t\t\t\t<div class=\"elementor-element elementor-element-f2f3d31 elementor-mobile-align-center elementor-align-start elementor-icon-list--layout-traditional elementor-list-item-link-full_width elementor-widget elementor-widget-icon-list\" data-id=\"f2f3d31\" data-element_type=\"widget\" data-e-type=\"widget\" data-widget_type=\"icon-list.default\">\n\t\t\t\t<div class=\"elementor-widget-container\">\n\t\t\t\t\t\t\t<ul class=\"elementor-icon-list-items\">\n\t\t\t\t\t\t\t<li class=\"elementor-icon-list-item\">\n\t\t\t\t\t\t\t\t\t\t\t<a href=\"mailto:caren.hege@bautismus.de\" target=\"_blank\">\n\n\t\t\t\t\t\t\t\t\t\t\t\t<span class=\"elementor-icon-list-icon\">\n\t\t\t\t\t\t\t\t\t\t\t\t\t\t\t\t<i class=\"fa fa-envelope-o\" aria-hidden=\"true\"><\/i>\n\t\t\t\t\t\t\t\t\t\t\t\t\t<\/span>\n\t\t\t\t\t\t\t\t\t\t<span class=\"elementor-icon-list-text\">E-Mail: caren.hege@bautismus.de<\/span>\n\t\t\t\t\t\t\t\t\t\t\t<\/a>\n\t\t\t\t\t\t\t\t\t<\/li>\n\t\t\t\t\t\t<\/ul>\n\t\t\t\t\t\t<\/div>\n\t\t\t\t<\/div>\n\t\t\t\t\t<\/div>\n\t\t<\/div>\n\t\t\t\t\t<\/div>\n\t\t<\/section>\n\t\t\t\t<\/div>\n\t\t","protected":false},"excerpt":{"rendered":"<p>\u00dcber Bautismus Bautismus ist eine private Einrichtung, die im Sommer 2006 von mehreren erfahrenen Fachkr\u00e4ften auf diesem Gebiet gemeinsam gegr\u00fcndet wurde.Wir sind angegliedert an die Villa Kunterbunt in Bruchsal-B\u00fcchenau, 20 km n\u00f6rdlich von Karlsruhe. Seit 2025 f\u00fchre ich Bautismus als Einzelunternehmen weiter. Caren Hege 2000 beendete ich mein Studium zur staatlich anerkannten Diplom-Sozialp\u00e4dagogin (FH) an der damaligen Fachhochschule f\u00fcr Sozialwesen in Mannheim. Von 2000 bis&#8230; <\/p>\n<p class=\"more\"><a class=\"more-link\" href=\"https:\/\/bautismus.de\/index.php\/ueber-uns\/\">Read More<\/a><\/p>\n","protected":false},"author":1,"featured_media":0,"parent":0,"menu_order":0,"comment_status":"closed","ping_status":"closed","template":"elementor_header_footer","meta":{"footnotes":""},"class_list":["post-1031","page","type-page","status-publish","hentry","is-cat-link-line-before"],"_links":{"self":[{"href":"https:\/\/bautismus.de\/index.php\/wp-json\/wp\/v2\/pages\/1031","targetHints":{"allow":["GET"]}}],"collection":[{"href":"https:\/\/bautismus.de\/index.php\/wp-json\/wp\/v2\/pages"}],"about":[{"href":"https:\/\/bautismus.de\/index.php\/wp-json\/wp\/v2\/types\/page"}],"author":[{"embeddable":true,"href":"https:\/\/bautismus.de\/index.php\/wp-json\/wp\/v2\/users\/1"}],"replies":[{"embeddable":true,"href":"https:\/\/bautismus.de\/index.php\/wp-json\/wp\/v2\/comments?post=1031"}],"version-history":[{"count":85,"href":"https:\/\/bautismus.de\/index.php\/wp-json\/wp\/v2\/pages\/1031\/revisions"}],"predecessor-version":[{"id":3184,"href":"https:\/\/bautismus.de\/index.php\/wp-json\/wp\/v2\/pages\/1031\/revisions\/3184"}],"wp:attachment":[{"href":"https:\/\/bautismus.de\/index.php\/wp-json\/wp\/v2\/media?parent=1031"}],"curies":[{"name":"wp","href":"https:\/\/api.w.org\/{rel}","templated":true}]}}